{"id":10,"date":"2022-07-14T06:51:41","date_gmt":"2019-04-02T05:47:24","guid":{"rendered":"https:\/\/riki.edu.vn\/goc-chia-se\/?page_id=10"},"modified":"2022-07-14T06:51:41","modified_gmt":"2022-07-14T06:51:41","slug":"trang-chu","status":"publish","type":"page","link":"https:\/\/riki.edu.vn\/goc-chia-se\/trang-chu\/","title":{"rendered":"Riki nihongo &#8211; Trung t\u00e2m h\u1ecdc ti\u1ebfng Nh\u1eadt, du h\u1ecdc Nh\u1eadt B\u1ea3n t\u1ea1i H\u00e0 N\u1ed9i, HCM"},"content":{"rendered":"\n<a href=\"https:\/\/tuanlevang.riki.edu.vn\/\"><\/a><a href=\"https:\/\/riki.edu.vn\/goc-chia-se\/hoc-tieng-nhat-online\/\"><\/a>\t\t\t\t\n\t\t\t\t\t\t\tPrevious\n\t\t\t\t\t\t\tNext\n\t\t\t<h3>H\u1ecdc vi\u00ean n\u00f3i v\u1ec1 trung t\u00e2m ti\u1ebfng nh\u1eadt Riki<\/h3>\t\t\n\t\t\t<h3>\u0111\u1ed9i ng\u0169 gi\u1ea3ng vi\u00ean t\u1ea1i riki<\/h3>\t\t\n\t\t\tCh\u1eb7ng \u0111\u01b0\u1eddng ph\u00eda tr\u01b0\u1edbc c\u00f2n nhi\u1ec1u gian nan, nh\u01b0ng v\u1edbi t\u00e2m huy\u1ebft v\u00e0 say m\u00ea ng\u00e0nh gi\u00e1o d\u1ee5c tri th\u1ee9c c\u1ee7a m\u00ecnh, Xu\u00e2n \u0110\u1ea1o c\u00f9ng \u0111\u1ed9i ng\u0169 Riki tr\u00e0n \u0111\u1ea7y n\u0103ng l\u01b0\u1ee3ng lu\u00f4n ti\u1ebfn v\u1ec1 ph\u00eda tr\u01b0\u1edbc .\t\t\n\t\t\t<h3>Kho\u00e1 h\u1ecdc ti\u1ebfng nh\u1eadt online v\u00e0 t\u1ea1i H\u00e0 N\u1ed9i, HCM <\/h3>\t\t\n\t\t\t<h3>Th\u1eddi s\u1ef1 riki: C\u1eadp nh\u1eadt s\u1ed1 m\u1edbi ngay!<\/h3>\t\t\n\t\t\tC\u1eadp nh\u1eadp nhanh nh\u1ea5t th\u00f4ng tin ho\u1ea1t \u0111\u1ed9ng th\u1ef1c t\u1ebf d\u00e0nh cho h\u1ecdc vi\u00ean, C\u1ed9ng \u0111\u1ed3ng &amp; Chia s\u1ebb nh\u1eefng h\u00ecnh \u1ea3nh, kho\u1ea3nh kh\u1eafc \u0111\u1eb9p nh\u1ea5t!\t\t\n\t\t\t<h3>B\u00e1o CH\u00cd &amp; TRUY\u1ec0N H\u00ccNH n\u00f3i v\u1ec1 riki<\/h3>\t\t\n\t\t\tT\u1ed5ng h\u1ee3p nh\u1eefng ch\u01b0\u01a1ng tr\u00ecnh, s\u1ef1 ki\u1ec7n c\u1ee7a Riki nihongo \u0111\u01b0\u1ee3c B\u00e1o ch\u00ed, Truy\u1ec1n h\u00ecnh \u0111\u1ed3ng h\u00e0nh, s\u01b0u t\u1ea7m v\u00e0 \u0111\u01b0a tin !\t\t\n\t\t<iframe title=\"Trung t\u00e2m nh\u1eadt ng\u1eef Riki nihongo l\u00ean s\u00f3ng truy\u1ec1n h\u00ecnh HTV7\" width=\"800\" height=\"450\" src=\"https:\/\/www.youtube.com\/embed\/fEVODCVNyj8?feature=oembed\" frameborder=\"0\" allow=\"accelerometer; autoplay; clipboard-write; encrypted-media; gyroscope; picture-in-picture; web-share\" referrerpolicy=\"strict-origin-when-cross-origin\" allowfullscreen><\/iframe>\t\t\n\t\t\t<h3>H\u1ecdc ti\u1ebfng nh\u1eadt mi\u1ec5n ph\u00ed<\/h3>\t\t\n\t\t\t<h3>k\u1ebft n\u1ed1i<\/h3>\t\t\n\t\t\t<h4>fanpage<\/h4>\t\t\n\t\t\tH\u01a1n <b style=\"color:#fedc0f\">200.000<\/b> h\u1ecdc vi\u00ean \u0111\u00e3 nh\u1eadn \u0111\u01b0\u1ee3c ki\u1ebfn th\u1ee9c h\u1eefu \u00edch tr\u00ean Fanpage c\u1ee7a Riki\t\t\n\t\t\t<h4>group facebook<\/h4>\t\t\n\t\t\t\t\t\t\t<figure>\n\t\t\t\t\t\t\t\t\t\t\t<a href=\"https:\/\/www.facebook.com\/groups\/1246701242142438\" target=\"_blank\" rel=\"noopener\">\n\t\t\t\t\t\t\t<img loading=\"lazy\" decoding=\"async\" width=\"1020\" height=\"1020\" src=\"https:\/\/riki.edu.vn\/goc-chia-se\/wp-content\/uploads\/2019\/04\/gr-1024x1024.png\" alt=\"\" loading=\"lazy\" srcset=\"https:\/\/riki.edu.vn\/goc-chia-se\/wp-content\/uploads\/2019\/04\/gr-1024x1024.png 1024w, https:\/\/riki.edu.vn\/goc-chia-se\/wp-content\/uploads\/2019\/04\/gr-150x150.png 150w, https:\/\/riki.edu.vn\/goc-chia-se\/wp-content\/uploads\/2019\/04\/gr-300x300.png 300w, https:\/\/riki.edu.vn\/goc-chia-se\/wp-content\/uploads\/2019\/04\/gr-20x20.png 20w\" sizes=\"auto, (max-width: 1020px) 100vw, 1020px\">\t\t\t\t\t\t\t\t<\/a>\n\t\t\t\t\t\t\t\t\t\t\t<figcaption><\/figcaption>\n\t\t\t\t\t\t\t\t\t\t<\/figure>\n\t\t\t<b style=\"color:#fedc0f\">13,000<\/b> th\u00e0nh vi\u00ean th\u1ea3o lu\u1eadn s\u00f4i n\u1ed5i tr\u00ean group h\u1ecdc Riki\t\t\n\t\t\t<h4>youtube channel<\/h4>\t\t\n\t\t\t\t\t\t\t\t\t\t\t<a href=\"https:\/\/www.youtube.com\/channel\/UCG1oOgcV8FFk_Zn5ERDP5AQ\" target=\"_blank\" rel=\"noopener\">\n\t\t\t\t\t\t\t<img loading=\"lazy\" decoding=\"async\" width=\"1020\" height=\"1020\" src=\"https:\/\/riki.edu.vn\/goc-chia-se\/wp-content\/uploads\/2019\/04\/yt-1024x1024.png\" alt=\"\" loading=\"lazy\" srcset=\"https:\/\/riki.edu.vn\/goc-chia-se\/wp-content\/uploads\/2019\/04\/yt-1024x1024.png 1024w, https:\/\/riki.edu.vn\/goc-chia-se\/wp-content\/uploads\/2019\/04\/yt-150x150.png 150w, https:\/\/riki.edu.vn\/goc-chia-se\/wp-content\/uploads\/2019\/04\/yt-300x300.png 300w, https:\/\/riki.edu.vn\/goc-chia-se\/wp-content\/uploads\/2019\/04\/yt-768x768.png 768w, https:\/\/riki.edu.vn\/goc-chia-se\/wp-content\/uploads\/2019\/04\/yt-20x20.png 20w, https:\/\/riki.edu.vn\/goc-chia-se\/wp-content\/uploads\/2019\/04\/yt.png 960w\" sizes=\"auto, (max-width: 1020px) 100vw, 1020px\">\t\t\t\t\t\t\t\t<\/a>\n\t\t\tK\u00eanh youtube h\u1ecdc ti\u1ebfng Nh\u1eadt online <b style=\"color:#fedc0f\">mi\u1ec5n ph\u00ed<\/b>\t\t\n\t\t\t<h3>du h\u1ecdc nh\u1eadt b\u1ea3n K\u1ef2 2020<\/h3>\t\t\n\t\t\t<h4>feedback c\u1ee7a h\u1ecdc vi\u00ean<\/h4>\t\t\n\t\t\t<h4>B\u00c0I VI\u1ebeT M\u1edaI NH\u1ea4T<\/h4>\t\t\n\t\t\t<h3>gi\u1ea5y ch\u1ee9ng nh\u1eadn <\/h3>\t\t\n\t\t\t\t\t\t\t\t\t\t\t<a href=\"https:\/\/riki.edu.vn\/goc-chia-se\/wp-content\/uploads\/2019\/06\/bang-giao-vien-4.png\" data-elementor-open-lightbox=\"yes\" data-elementor-lightbox-title=\"bang giao vien 4\">\n\t\t\t\t\t\t\t<img loading=\"lazy\" decoding=\"async\" width=\"1020\" height=\"1020\" src=\"https:\/\/riki.edu.vn\/goc-chia-se\/wp-content\/uploads\/2019\/06\/bang-giao-vien-4-1024x1024.png\" alt=\"\" loading=\"lazy\" srcset=\"https:\/\/riki.edu.vn\/goc-chia-se\/wp-content\/uploads\/2019\/06\/bang-giao-vien-4-1024x1024.png 1024w, https:\/\/riki.edu.vn\/goc-chia-se\/wp-content\/uploads\/2019\/06\/bang-giao-vien-4-150x150.png 150w, https:\/\/riki.edu.vn\/goc-chia-se\/wp-content\/uploads\/2019\/06\/bang-giao-vien-4-300x300.png 300w, https:\/\/riki.edu.vn\/goc-chia-se\/wp-content\/uploads\/2019\/06\/bang-giao-vien-4-768x768.png 768w, https:\/\/riki.edu.vn\/goc-chia-se\/wp-content\/uploads\/2019\/06\/bang-giao-vien-4-20x20.png 20w, https:\/\/riki.edu.vn\/goc-chia-se\/wp-content\/uploads\/2019\/06\/bang-giao-vien-4.png 840w\" sizes=\"auto, (max-width: 1020px) 100vw, 1020px\">\t\t\t\t\t\t\t\t<\/a>\n\t\t\t\t\t\t\t\t\t\t\t<a href=\"https:\/\/riki.edu.vn\/goc-chia-se\/wp-content\/uploads\/2019\/06\/bang-giao-vien.png\" data-elementor-open-lightbox=\"yes\" data-elementor-lightbox-title=\"bang giao vien\">\n\t\t\t\t\t\t\t<img loading=\"lazy\" decoding=\"async\" width=\"1020\" height=\"1020\" src=\"https:\/\/riki.edu.vn\/goc-chia-se\/wp-content\/uploads\/2019\/06\/bang-giao-vien-1024x1024.png\" alt=\"\" loading=\"lazy\" srcset=\"https:\/\/riki.edu.vn\/goc-chia-se\/wp-content\/uploads\/2019\/06\/bang-giao-vien-1024x1024.png 1024w, https:\/\/riki.edu.vn\/goc-chia-se\/wp-content\/uploads\/2019\/06\/bang-giao-vien-150x150.png 150w, https:\/\/riki.edu.vn\/goc-chia-se\/wp-content\/uploads\/2019\/06\/bang-giao-vien-300x300.png 300w, https:\/\/riki.edu.vn\/goc-chia-se\/wp-content\/uploads\/2019\/06\/bang-giao-vien-768x768.png 768w, https:\/\/riki.edu.vn\/goc-chia-se\/wp-content\/uploads\/2019\/06\/bang-giao-vien-20x20.png 20w, https:\/\/riki.edu.vn\/goc-chia-se\/wp-content\/uploads\/2019\/06\/bang-giao-vien.png 840w\" sizes=\"auto, (max-width: 1020px) 100vw, 1020px\">\t\t\t\t\t\t\t\t<\/a>\n\t\t\t\t\t\t\t\t\t\t\t<a href=\"https:\/\/riki.edu.vn\/goc-chia-se\/wp-content\/uploads\/2019\/06\/bang-giao-vien-2.png\" data-elementor-open-lightbox=\"yes\" data-elementor-lightbox-title=\"bang giao vien 2\">\n\t\t\t\t\t\t\t<img loading=\"lazy\" decoding=\"async\" width=\"1020\" height=\"1020\" src=\"https:\/\/riki.edu.vn\/goc-chia-se\/wp-content\/uploads\/2019\/06\/bang-giao-vien-2-1024x1024.png\" alt=\"\" loading=\"lazy\" srcset=\"https:\/\/riki.edu.vn\/goc-chia-se\/wp-content\/uploads\/2019\/06\/bang-giao-vien-2-1024x1024.png 1024w, https:\/\/riki.edu.vn\/goc-chia-se\/wp-content\/uploads\/2019\/06\/bang-giao-vien-2-150x150.png 150w, https:\/\/riki.edu.vn\/goc-chia-se\/wp-content\/uploads\/2019\/06\/bang-giao-vien-2-300x300.png 300w, https:\/\/riki.edu.vn\/goc-chia-se\/wp-content\/uploads\/2019\/06\/bang-giao-vien-2-768x768.png 768w, https:\/\/riki.edu.vn\/goc-chia-se\/wp-content\/uploads\/2019\/06\/bang-giao-vien-2-20x20.png 20w, https:\/\/riki.edu.vn\/goc-chia-se\/wp-content\/uploads\/2019\/06\/bang-giao-vien-2.png 840w\" sizes=\"auto, (max-width: 1020px) 100vw, 1020px\">\t\t\t\t\t\t\t\t<\/a>\n\t\t\t\t\t\t\t\t\t\t\t<a href=\"https:\/\/riki.edu.vn\/goc-chia-se\/wp-content\/uploads\/2019\/06\/bang-giao-vien-3.png\" data-elementor-open-lightbox=\"yes\" data-elementor-lightbox-title=\"bang giao vien 3\">\n\t\t\t\t\t\t\t<img loading=\"lazy\" decoding=\"async\" width=\"1020\" height=\"1020\" src=\"https:\/\/riki.edu.vn\/goc-chia-se\/wp-content\/uploads\/2019\/06\/bang-giao-vien-3-1024x1024.png\" alt=\"\" loading=\"lazy\" srcset=\"https:\/\/riki.edu.vn\/goc-chia-se\/wp-content\/uploads\/2019\/06\/bang-giao-vien-3-1024x1024.png 1024w, https:\/\/riki.edu.vn\/goc-chia-se\/wp-content\/uploads\/2019\/06\/bang-giao-vien-3-150x150.png 150w, https:\/\/riki.edu.vn\/goc-chia-se\/wp-content\/uploads\/2019\/06\/bang-giao-vien-3-300x300.png 300w, https:\/\/riki.edu.vn\/goc-chia-se\/wp-content\/uploads\/2019\/06\/bang-giao-vien-3-768x768.png 768w, https:\/\/riki.edu.vn\/goc-chia-se\/wp-content\/uploads\/2019\/06\/bang-giao-vien-3-20x20.png 20w, https:\/\/riki.edu.vn\/goc-chia-se\/wp-content\/uploads\/2019\/06\/bang-giao-vien-3.png 840w\" sizes=\"auto, (max-width: 1020px) 100vw, 1020px\">\t\t\t\t\t\t\t\t<\/a>\n","protected":false},"excerpt":{"rendered":"<p>Previous Next H\u1ecdc vi\u00ean n\u00f3i v\u1ec1 trung t\u00e2m ti\u1ebfng nh\u1eadt Riki \u0111\u1ed9i ng\u0169 gi\u1ea3ng vi\u00ean t\u1ea1i riki Ch\u1eb7ng \u0111\u01b0\u1eddng ph\u00eda tr\u01b0\u1edbc c\u00f2n nhi\u1ec1u gian nan, nh\u01b0ng v\u1edbi t\u00e2m huy\u1ebft v\u00e0 say m\u00ea ng\u00e0nh gi\u00e1o d\u1ee5c tri th\u1ee9c c\u1ee7a m\u00ecnh, Xu\u00e2n \u0110\u1ea1o c\u00f9ng \u0111\u1ed9i ng\u0169 Riki tr\u00e0n \u0111\u1ea7y n\u0103ng l\u01b0\u1ee3ng lu\u00f4n ti\u1ebfn v\u1ec1 ph\u00eda tr\u01b0\u1edbc . [&hellip;]<\/p>\n","protected":false},"author":1,"featured_media":0,"parent":0,"menu_order":0,"comment_status":"closed","ping_status":"closed","template":"","meta":{"footnotes":""},"class_list":["post-10","page","type-page","status-publish","hentry"],"_links":{"self":[{"href":"https:\/\/riki.edu.vn\/goc-chia-se\/wp-json\/wp\/v2\/pages\/10","targetHints":{"allow":["GET"]}}],"collection":[{"href":"https:\/\/riki.edu.vn\/goc-chia-se\/wp-json\/wp\/v2\/pages"}],"about":[{"href":"https:\/\/riki.edu.vn\/goc-chia-se\/wp-json\/wp\/v2\/types\/page"}],"author":[{"embeddable":true,"href":"https:\/\/riki.edu.vn\/goc-chia-se\/wp-json\/wp\/v2\/users\/1"}],"replies":[{"embeddable":true,"href":"https:\/\/riki.edu.vn\/goc-chia-se\/wp-json\/wp\/v2\/comments?post=10"}],"version-history":[{"count":2,"href":"https:\/\/riki.edu.vn\/goc-chia-se\/wp-json\/wp\/v2\/pages\/10\/revisions"}],"predecessor-version":[{"id":19141,"href":"https:\/\/riki.edu.vn\/goc-chia-se\/wp-json\/wp\/v2\/pages\/10\/revisions\/19141"}],"wp:attachment":[{"href":"https:\/\/riki.edu.vn\/goc-chia-se\/wp-json\/wp\/v2\/media?parent=10"}],"curies":[{"name":"wp","href":"https:\/\/api.w.org\/{rel}","templated":true}]}}